{"id":3065,"date":"2025-07-18T10:05:01","date_gmt":"2025-07-18T10:05:01","guid":{"rendered":"https:\/\/www.kupizlato.com\/?post_type=product&#038;p=3065"},"modified":"2026-04-09T10:58:36","modified_gmt":"2026-04-09T10:58:36","slug":"1-unza-srebra-australian-koala-2020","status":"publish","type":"product","link":"https:\/\/www.kupizlato.com\/mk\/shop\/investiciono-srebro\/1-unza-srebra-australian-koala-2020\/","title":{"rendered":"1 unza srebra &#8211; Australian Koala 2020"},"content":{"rendered":"<table style=\"border: 1px solid #d9d9d9; border-collapse: collapse; width: 50%;\">\n<tbody>\n<tr>\n<td><strong>Godina izdanja<\/strong><\/td>\n<td>2020<\/td>\n<\/tr>\n<tr>\n<td><strong>Metal<\/strong><\/td>\n<td>\u0421\u0440\u0435\u0431\u0440\u043e<\/td>\n<\/tr>\n<tr>\n<td><strong>Sadr\u017eaj srebra\u00a0<\/strong><\/td>\n<td>1000<\/td>\n<\/tr>\n<tr>\n<td><strong>Nominalna vrednost (AUD)<\/strong><\/td>\n<td>1 australijski dolar<\/td>\n<\/tr>\n<tr>\n<td><strong>\u0427\u0438\u0441\u0442\u043e\u0442\u0430<\/strong><\/td>\n<td>99.99%<\/td>\n<\/tr>\n<tr>\n<td><strong>Minimalna bruto te\u017eina<\/strong><\/td>\n<td>31.107\u00a0g<\/td>\n<\/tr>\n<tr>\n<td><strong>Lik na aversu<\/strong><\/td>\n<td>Portret kraljice Elizabete II<\/td>\n<\/tr>\n<\/tbody>\n<\/table>","protected":false},"excerpt":{"rendered":"<p data-start=\"1601\" data-end=\"1681\"><span class=\"relative -mx-px my-[-0.2rem] rounded px-px py-[0.2rem] transition-colors duration-100 ease-in-out\">Koala serija isti\u010de se jer svake godine ima novi reverse dizajn, \u0161to pove\u0107ava kolektivnu vrednost<\/span> . <span class=\"relative -mx-px my-[-0.2rem] rounded px-px py-[0.2rem] transition-colors duration-100 ease-in-out\">Ova 2020. edicija je 14. po redu i vrlo tra\u017eena,\u00a0 ograni\u010dena je na 300\u202f000 komada<\/span>.<\/p>\n<table style=\"border: 1px solid gray; border-collapse: collapse; width: 300px;\">\n<tbody>\n<tr>\n<td style=\"border: 1px solid gray; padding: 8px; color: #d1ae5d; font-size: 20px; text-align: center;\">Popust na ve\u0107e koli\u010dine<\/td>\n<\/tr>\n<\/tbody>\n<\/table>\n","protected":false},"featured_media":3066,"comment_status":"open","ping_status":"closed","template":"","meta":[],"product_brand":[],"product_cat":[81,71,70],"product_tag":[],"class_list":{"0":"post-3065","1":"product","2":"type-product","3":"status-publish","4":"has-post-thumbnail","6":"product_cat-investiciono-srebro","7":"product_cat-srebrne-kovanice","8":"product_cat-srebrne-poluge","10":"first","11":"instock","12":"shipping-taxable","13":"purchasable","14":"product-type-simple"},"_links":{"self":[{"href":"https:\/\/www.kupizlato.com\/mk\/wp-json\/wp\/v2\/product\/3065","targetHints":{"allow":["GET"]}}],"collection":[{"href":"https:\/\/www.kupizlato.com\/mk\/wp-json\/wp\/v2\/product"}],"about":[{"href":"https:\/\/www.kupizlato.com\/mk\/wp-json\/wp\/v2\/types\/product"}],"replies":[{"embeddable":true,"href":"https:\/\/www.kupizlato.com\/mk\/wp-json\/wp\/v2\/comments?post=3065"}],"version-history":[{"count":2,"href":"https:\/\/www.kupizlato.com\/mk\/wp-json\/wp\/v2\/product\/3065\/revisions"}],"predecessor-version":[{"id":3220,"href":"https:\/\/www.kupizlato.com\/mk\/wp-json\/wp\/v2\/product\/3065\/revisions\/3220"}],"wp:featuredmedia":[{"embeddable":true,"href":"https:\/\/www.kupizlato.com\/mk\/wp-json\/wp\/v2\/media\/3066"}],"wp:attachment":[{"href":"https:\/\/www.kupizlato.com\/mk\/wp-json\/wp\/v2\/media?parent=3065"}],"wp:term":[{"taxonomy":"product_brand","embeddable":true,"href":"https:\/\/www.kupizlato.com\/mk\/wp-json\/wp\/v2\/product_brand?post=3065"},{"taxonomy":"product_cat","embeddable":true,"href":"https:\/\/www.kupizlato.com\/mk\/wp-json\/wp\/v2\/product_cat?post=3065"},{"taxonomy":"product_tag","embeddable":true,"href":"https:\/\/www.kupizlato.com\/mk\/wp-json\/wp\/v2\/product_tag?post=3065"}],"curies":[{"name":"wp","href":"https:\/\/api.w.org\/{rel}","templated":true}]}}