{"id":3059,"date":"2025-07-18T09:50:44","date_gmt":"2025-07-18T09:50:44","guid":{"rendered":"https:\/\/www.kupizlato.com\/?post_type=product&#038;p=3059"},"modified":"2026-04-09T10:58:53","modified_gmt":"2026-04-09T10:58:53","slug":"1-unza-srebra-nojeva-barka","status":"publish","type":"product","link":"https:\/\/www.kupizlato.com\/mk\/shop\/investiciono-srebro\/1-unza-srebra-nojeva-barka\/","title":{"rendered":"1 unza srebra &#8211;  Nojeva barka"},"content":{"rendered":"<table style=\"border: 1px solid #d9d9d9; border-collapse: collapse; width: 50%;\">\n<tbody>\n<tr>\n<td><strong>\u0418\u043c\u0435\u00a0<\/strong><\/td>\n<td>1 unca srebra \u2013 Nojeva barka<\/td>\n<\/tr>\n<tr style=\"background-color: #f9f9f9;\">\n<td><strong>\u0412\u043a\u0443\u043f\u043d\u0430 \u0442\u0435\u0436\u0438\u043d\u0430\u00a0<\/strong><\/td>\n<td>31.11 \u0433<\/td>\n<\/tr>\n<tr>\n<td><strong>\u0427\u0438\u0441\u0442\u043e\u0442\u0430\u00a0\u00a0<\/strong><\/td>\n<td>999\/1000<\/td>\n<\/tr>\n<tr style=\"background-color: #f9f9f9;\">\n<td><strong>\u0422\u0435\u0436\u0438\u043d\u0430\u0442\u0430 \u043d\u0430 \u0431\u043b\u0430\u0433\u043e\u0440\u043e\u0434\u043d\u0438\u043e\u0442 \u043c\u0435\u0442\u0430\u043b<\/strong><\/td>\n<td>31.1035 \u0433<\/td>\n<\/tr>\n<tr>\n<td><strong>\u0417\u0435\u043c\u0458\u0430 \u043d\u0430 \u043f\u043e\u0442\u0435\u043a\u043b\u043e<\/strong><\/td>\n<td>Jermenija<\/td>\n<\/tr>\n<tr>\n<td><strong>\u041f\u0440\u043e\u0438\u0437\u0432\u043e\u0434\u0438\u0442\u0435\u043b<\/strong><\/td>\n<td>Geiger Edelmetalle AG<\/td>\n<\/tr>\n<\/tbody>\n<\/table>","protected":false},"excerpt":{"rendered":"<p data-start=\"68\" data-end=\"202\"><strong data-start=\"68\" data-end=\"86\">Prednja strana<\/strong><br data-start=\"86\" data-end=\"89\" \/>Na aversu kovanice prikazan je dr\u017eavni grb Republike Jermenije, kao simbol nacionalnog identiteta i suvereniteta.<\/p>\n<p data-start=\"204\" data-end=\"448\"><strong data-start=\"204\" data-end=\"221\">Zadnja strana<\/strong><br data-start=\"221\" data-end=\"224\" \/>Na reversu se nalazi umetni\u010dki prikaz Nojeve barke, belog goluba s maslinovom gran\u010dicom i planine Ararat obasjane izlaze\u0107im suncem \u2013 sna\u017eni simboli nade, novog po\u010detka i duhovne povezanosti Jermenije s biblijskom tradicijom.<\/p>\n<table style=\"border: 1px solid gray; border-collapse: collapse; width: 300px;\">\n<tbody>\n<tr>\n<td style=\"border: 1px solid gray; padding: 8px; color: #d1ae5d; font-size: 20px; text-align: center;\">\u041f\u043e\u043f\u0443\u0441\u0442 \u0437\u0430 \u0433\u043e\u043b\u0435\u043c\u0438 \u043a\u043e\u043b\u0438\u0447\u0438\u043d\u0438<\/td>\n<\/tr>\n<\/tbody>\n<\/table>","protected":false},"featured_media":3061,"comment_status":"open","ping_status":"closed","template":"","meta":[],"product_brand":[],"product_cat":[81,71,70],"product_tag":[],"class_list":{"0":"post-3059","1":"product","2":"type-product","3":"status-publish","4":"has-post-thumbnail","6":"product_cat-investiciono-srebro","7":"product_cat-srebrne-kovanice","8":"product_cat-srebrne-poluge","10":"first","11":"instock","12":"shipping-taxable","13":"purchasable","14":"product-type-simple"},"_links":{"self":[{"href":"https:\/\/www.kupizlato.com\/mk\/wp-json\/wp\/v2\/product\/3059","targetHints":{"allow":["GET"]}}],"collection":[{"href":"https:\/\/www.kupizlato.com\/mk\/wp-json\/wp\/v2\/product"}],"about":[{"href":"https:\/\/www.kupizlato.com\/mk\/wp-json\/wp\/v2\/types\/product"}],"replies":[{"embeddable":true,"href":"https:\/\/www.kupizlato.com\/mk\/wp-json\/wp\/v2\/comments?post=3059"}],"version-history":[{"count":4,"href":"https:\/\/www.kupizlato.com\/mk\/wp-json\/wp\/v2\/product\/3059\/revisions"}],"predecessor-version":[{"id":3069,"href":"https:\/\/www.kupizlato.com\/mk\/wp-json\/wp\/v2\/product\/3059\/revisions\/3069"}],"wp:featuredmedia":[{"embeddable":true,"href":"https:\/\/www.kupizlato.com\/mk\/wp-json\/wp\/v2\/media\/3061"}],"wp:attachment":[{"href":"https:\/\/www.kupizlato.com\/mk\/wp-json\/wp\/v2\/media?parent=3059"}],"wp:term":[{"taxonomy":"product_brand","embeddable":true,"href":"https:\/\/www.kupizlato.com\/mk\/wp-json\/wp\/v2\/product_brand?post=3059"},{"taxonomy":"product_cat","embeddable":true,"href":"https:\/\/www.kupizlato.com\/mk\/wp-json\/wp\/v2\/product_cat?post=3059"},{"taxonomy":"product_tag","embeddable":true,"href":"https:\/\/www.kupizlato.com\/mk\/wp-json\/wp\/v2\/product_tag?post=3059"}],"curies":[{"name":"wp","href":"https:\/\/api.w.org\/{rel}","templated":true}]}}