{"id":3032,"date":"2025-07-03T10:52:28","date_gmt":"2025-07-03T10:52:28","guid":{"rendered":"https:\/\/www.kupizlato.com\/?post_type=product&#038;p=3032"},"modified":"2026-04-09T10:58:40","modified_gmt":"2026-04-09T10:58:40","slug":"1-unza-srebra-godina-psa","status":"publish","type":"product","link":"https:\/\/www.kupizlato.com\/mk\/shop\/investiciono-srebro\/1-unza-srebra-godina-psa\/","title":{"rendered":"1 unza srebra &#8211; Godina psa"},"content":{"rendered":"<table style=\"border: 1px solid #d9d9d9; border-collapse: collapse; width: 50%;\">\n<tbody>\n<tr>\n<td><strong>Godina izdanja<\/strong><\/td>\n<td>2020<\/td>\n<\/tr>\n<tr>\n<td><strong>Metal<\/strong><\/td>\n<td>\u0421\u0440\u0435\u0431\u0440\u043e<\/td>\n<\/tr>\n<tr>\n<td><strong>Sadr\u017eaj srebra\u00a0<\/strong><\/td>\n<td>1000<\/td>\n<\/tr>\n<tr>\n<td><strong>Nominalna vrednost (AUD)<\/strong><\/td>\n<td>1 australijski dolar<\/td>\n<\/tr>\n<tr>\n<td><strong>\u0427\u0438\u0441\u0442\u043e\u0442\u0430<\/strong><\/td>\n<td>99.99%<\/td>\n<\/tr>\n<tr>\n<td><strong>Minimalna bruto te\u017eina<\/strong><\/td>\n<td>31.107\u00a0g<\/td>\n<\/tr>\n<tr>\n<td><strong>Lik na aversu<\/strong><\/td>\n<td>Portret kraljice Elizabete II (Ian Rank-Broadley)<\/td>\n<\/tr>\n<\/tbody>\n<\/table>","protected":false},"excerpt":{"rendered":"<p>Australijski lunarni srebrni dukat \u201eGodina Psa\u201c deo je druge serije (Series II) presti\u017ene Lunar kolekcije kovnice Perth Mint. Ova verzija je posebno izdanje sa obojenim motivom (Coloured Edition), izra\u0111ena od srebra \u010disto\u0107e 99.99% i dolazi u proof kvalitetu.<\/p>\n<table style=\"border: 1px solid gray; border-collapse: collapse; width: 300px;\">\n<tbody>\n<tr>\n<td style=\"border: 1px solid gray; padding: 8px; color: #d1ae5d; font-size: 20px; text-align: center;\">\u041f\u043e\u043f\u0443\u0441\u0442 \u0437\u0430 \u0433\u043e\u043b\u0435\u043c\u0438 \u043a\u043e\u043b\u0438\u0447\u0438\u043d\u0438<\/td>\n<\/tr>\n<\/tbody>\n<\/table>","protected":false},"featured_media":3034,"comment_status":"open","ping_status":"closed","template":"","meta":[],"product_brand":[],"product_cat":[81,71,70],"product_tag":[],"class_list":{"0":"post-3032","1":"product","2":"type-product","3":"status-publish","4":"has-post-thumbnail","6":"product_cat-investiciono-srebro","7":"product_cat-srebrne-kovanice","8":"product_cat-srebrne-poluge","10":"first","11":"instock","12":"shipping-taxable","13":"purchasable","14":"product-type-simple"},"_links":{"self":[{"href":"https:\/\/www.kupizlato.com\/mk\/wp-json\/wp\/v2\/product\/3032","targetHints":{"allow":["GET"]}}],"collection":[{"href":"https:\/\/www.kupizlato.com\/mk\/wp-json\/wp\/v2\/product"}],"about":[{"href":"https:\/\/www.kupizlato.com\/mk\/wp-json\/wp\/v2\/types\/product"}],"replies":[{"embeddable":true,"href":"https:\/\/www.kupizlato.com\/mk\/wp-json\/wp\/v2\/comments?post=3032"}],"version-history":[{"count":1,"href":"https:\/\/www.kupizlato.com\/mk\/wp-json\/wp\/v2\/product\/3032\/revisions"}],"predecessor-version":[{"id":3036,"href":"https:\/\/www.kupizlato.com\/mk\/wp-json\/wp\/v2\/product\/3032\/revisions\/3036"}],"wp:featuredmedia":[{"embeddable":true,"href":"https:\/\/www.kupizlato.com\/mk\/wp-json\/wp\/v2\/media\/3034"}],"wp:attachment":[{"href":"https:\/\/www.kupizlato.com\/mk\/wp-json\/wp\/v2\/media?parent=3032"}],"wp:term":[{"taxonomy":"product_brand","embeddable":true,"href":"https:\/\/www.kupizlato.com\/mk\/wp-json\/wp\/v2\/product_brand?post=3032"},{"taxonomy":"product_cat","embeddable":true,"href":"https:\/\/www.kupizlato.com\/mk\/wp-json\/wp\/v2\/product_cat?post=3032"},{"taxonomy":"product_tag","embeddable":true,"href":"https:\/\/www.kupizlato.com\/mk\/wp-json\/wp\/v2\/product_tag?post=3032"}],"curies":[{"name":"wp","href":"https:\/\/api.w.org\/{rel}","templated":true}]}}