{"id":2613,"date":"2024-11-21T10:14:32","date_gmt":"2024-11-21T10:14:32","guid":{"rendered":"https:\/\/www.kupizlato.com\/?post_type=product&#038;p=2613"},"modified":"2025-10-17T07:54:34","modified_gmt":"2025-10-17T07:54:34","slug":"05g-zlata-heimerle-meule","status":"publish","type":"product","link":"https:\/\/www.kupizlato.com\/mk\/shop\/cene\/05g-zlata-heimerle-meule\/","title":{"rendered":"0,5g Zlata | Heimerle + Meule"},"content":{"rendered":"<table style=\"border: 1px solid #d9d9d9; border-collapse: collapse; width: 100%;\">\n<tbody>\n<tr>\n<td style=\"border: 1px solid #d9d9d9; padding: 8px;\"><strong>\u0418\u043c\u0435<\/strong><\/td>\n<td style=\"border: 1px solid #d9d9d9; padding: 8px;\">Heimerle + Meule<\/td>\n<\/tr>\n<tr>\n<td style=\"border: 1px solid #d9d9d9; padding: 8px;\"><strong>\u0412\u043a\u0443\u043f\u043d\u0430 \u0442\u0435\u0436\u0438\u043d\u0430<\/strong><\/td>\n<td style=\"border: 1px solid #d9d9d9; padding: 8px;\">0,5 g<\/td>\n<\/tr>\n<tr>\n<td style=\"border: 1px solid #d9d9d9; padding: 8px;\"><strong>\u0427\u0438\u0441\u0442\u043e\u0442\u0430<\/strong><\/td>\n<td style=\"border: 1px solid #d9d9d9; padding: 8px;\">999.9\/1000<\/td>\n<\/tr>\n<tr>\n<td style=\"border: 1px solid #d9d9d9; padding: 8px;\"><strong>\u0422\u0435\u0436\u0438\u043d\u0430\u0442\u0430 \u043d\u0430 \u0431\u043b\u0430\u0433\u043e\u0440\u043e\u0434\u043d\u0438\u043e\u0442 \u043c\u0435\u0442\u0430\u043b<\/strong><\/td>\n<td style=\"border: 1px solid #d9d9d9; padding: 8px;\">0,5 g<\/td>\n<\/tr>\n<tr>\n<td style=\"border: 1px solid #d9d9d9; padding: 8px;\"><strong>\u0417\u0435\u043c\u0458\u0430 \u043d\u0430 \u043f\u043e\u0442\u0435\u043a\u043b\u043e<\/strong><\/td>\n<td style=\"border: 1px solid #d9d9d9; padding: 8px;\">\u0413\u0435\u0440\u043c\u0430\u043d\u0438\u0458\u0430<\/td>\n<\/tr>\n<tr>\n<td style=\"border: 1px solid #d9d9d9; padding: 8px;\"><strong>\u041f\u0440\u043e\u0438\u0437\u0432\u043e\u0434\u0438\u0442\u0435\u043b<\/strong><\/td>\n<td style=\"border: 1px solid #d9d9d9; padding: 8px;\">Heimerle + Meule<\/td>\n<\/tr>\n<\/tbody>\n<\/table>","protected":false},"excerpt":{"rendered":"<p>Heimerle + Meule zlatna poluga od 0.5 grama izvrsna je investicija za sve koji su se odlu\u010dili na ulaganje u plemenite metale. Pored toga, rije\u010d je i o kvalitetnom poklonu za kr\u0161tenja, ro\u0111endane te druga prigodna slavlja. Kupnju poluge od 0.5 grama zlata mo\u017eete obaviti u Golden Master company uz preuzimanje u na\u0161im prostorijama ili brzu isporuku putem 100%-osigurane dostave.<\/p>\n<table style=\"border: 1px solid gray; border-collapse: collapse; width: 300px;\">\n<tbody>\n<tr>\n<td style=\"border: 1px solid gray; padding: 8px; color: #d1ae5d; font-size: 20px; text-align: center;\">\u041f\u043e\u043f\u0443\u0441\u0442 \u0437\u0430 \u0433\u043e\u043b\u0435\u043c\u0438 \u043a\u043e\u043b\u0438\u0447\u0438\u043d\u0438<\/td>\n<\/tr>\n<\/tbody>\n<\/table>","protected":false},"featured_media":2614,"comment_status":"open","ping_status":"closed","template":"","meta":[],"product_brand":[],"product_cat":[74,77,73,27],"product_tag":[],"class_list":{"0":"post-2613","1":"product","2":"type-product","3":"status-publish","4":"has-post-thumbnail","6":"product_cat-cene","7":"product_cat-heimerlemeule-unitybox-unitybars","8":"product_cat-male-poluge","9":"product_cat-zlatne-poluge","11":"first","12":"instock","13":"shipping-taxable","14":"product-type-simple"},"_links":{"self":[{"href":"https:\/\/www.kupizlato.com\/mk\/wp-json\/wp\/v2\/product\/2613","targetHints":{"allow":["GET"]}}],"collection":[{"href":"https:\/\/www.kupizlato.com\/mk\/wp-json\/wp\/v2\/product"}],"about":[{"href":"https:\/\/www.kupizlato.com\/mk\/wp-json\/wp\/v2\/types\/product"}],"replies":[{"embeddable":true,"href":"https:\/\/www.kupizlato.com\/mk\/wp-json\/wp\/v2\/comments?post=2613"}],"version-history":[{"count":2,"href":"https:\/\/www.kupizlato.com\/mk\/wp-json\/wp\/v2\/product\/2613\/revisions"}],"predecessor-version":[{"id":2617,"href":"https:\/\/www.kupizlato.com\/mk\/wp-json\/wp\/v2\/product\/2613\/revisions\/2617"}],"wp:featuredmedia":[{"embeddable":true,"href":"https:\/\/www.kupizlato.com\/mk\/wp-json\/wp\/v2\/media\/2614"}],"wp:attachment":[{"href":"https:\/\/www.kupizlato.com\/mk\/wp-json\/wp\/v2\/media?parent=2613"}],"wp:term":[{"taxonomy":"product_brand","embeddable":true,"href":"https:\/\/www.kupizlato.com\/mk\/wp-json\/wp\/v2\/product_brand?post=2613"},{"taxonomy":"product_cat","embeddable":true,"href":"https:\/\/www.kupizlato.com\/mk\/wp-json\/wp\/v2\/product_cat?post=2613"},{"taxonomy":"product_tag","embeddable":true,"href":"https:\/\/www.kupizlato.com\/mk\/wp-json\/wp\/v2\/product_tag?post=2613"}],"curies":[{"name":"wp","href":"https:\/\/api.w.org\/{rel}","templated":true}]}}